{"id":1879,"date":"2018-09-07T15:17:33","date_gmt":"2018-09-07T15:17:33","guid":{"rendered":"https:\/\/piega.zupa.dk\/products"},"modified":"2020-05-19T13:27:21","modified_gmt":"2020-05-19T13:27:21","slug":"products","status":"publish","type":"page","link":"https:\/\/piega.ch\/fr\/products","title":{"rendered":"Enceintes"},"content":{"rendered":"","protected":false},"excerpt":{"rendered":"","protected":false},"author":16,"featured_media":0,"parent":0,"menu_order":0,"comment_status":"closed","ping_status":"closed","template":"","meta":{"_acf_changed":false},"acf":{"seo":{"seo":{"title":"Produits","description":"S\u00e9ries d'enceintes PIEGA","open_graph":{"title":"","description":"","image":"https:\/\/piega.ch\/wp-content\/uploads\/2018\/12\/open-graph-tag-picture_product-site.jpg"}}},"header":{"header":{"background":{"ID":12927,"id":12927,"title":"High-End Design Lautsprecher Produkte von Piega","filename":"Produkte-header-Foto-zwei-e1538576700350.jpg","filesize":80766,"url":"https:\/\/piega.ch\/wp-content\/uploads\/2018\/10\/Produkte-header-Foto-zwei-e1538576700350.jpg","link":"https:\/\/piega.ch\/fr\/products\/produkte-header-foto-zwei-2","alt":"","author":"16","description":"","caption":"","name":"produkte-header-foto-zwei-2","status":"inherit","uploaded_to":1879,"date":"2018-10-03 14:24:41","modified":"2018-10-03 14:24:41","menu_order":0,"mime_type":"image\/jpeg","type":"image","subtype":"jpeg","icon":"https:\/\/piega.ch\/wp-includes\/images\/media\/default.png","width":1680,"height":700,"sizes":{"thumbnail":"https:\/\/piega.ch\/wp-content\/uploads\/2018\/10\/Produkte-header-Foto-zwei-150x150.jpg","thumbnail-width":150,"thumbnail-height":150,"medium":"https:\/\/piega.ch\/wp-content\/uploads\/2018\/10\/Produkte-header-Foto-zwei-300x125.jpg","medium-width":300,"medium-height":125,"medium_large":"https:\/\/piega.ch\/wp-content\/uploads\/2018\/10\/Produkte-header-Foto-zwei-768x320.jpg","medium_large-width":768,"medium_large-height":320,"large":"https:\/\/piega.ch\/wp-content\/uploads\/2018\/10\/Produkte-header-Foto-zwei-1680x700.jpg","large-width":900,"large-height":375,"1536x1536":"https:\/\/piega.ch\/wp-content\/uploads\/2018\/10\/Produkte-header-Foto-zwei-e1538576700350.jpg","1536x1536-width":1536,"1536x1536-height":640,"2048x2048":"https:\/\/piega.ch\/wp-content\/uploads\/2018\/10\/Produkte-header-Foto-zwei-e1538576700350.jpg","2048x2048-width":1680,"2048x2048-height":700,"otw-gallery-shortcode":"https:\/\/piega.ch\/wp-content\/uploads\/2018\/10\/Produkte-header-Foto-zwei-e1538576700350.jpg","otw-gallery-shortcode-width":1024,"otw-gallery-shortcode-height":427}},"background_mobile":{"ID":12935,"id":12935,"title":"mobile-picture-lautsprecher-seite","filename":"mobile-picture-lautsprecher-seite.png","filesize":903519,"url":"https:\/\/piega.ch\/wp-content\/uploads\/2019\/02\/mobile-picture-lautsprecher-seite.png","link":"https:\/\/piega.ch\/fr\/products\/mobile-picture-lautsprecher-seite-2","alt":"","author":"16","description":"","caption":"","name":"mobile-picture-lautsprecher-seite-2","status":"inherit","uploaded_to":1879,"date":"2019-02-21 08:56:07","modified":"2019-02-21 08:56:07","menu_order":0,"mime_type":"image\/png","type":"image","subtype":"png","icon":"https:\/\/piega.ch\/wp-includes\/images\/media\/default.png","width":500,"height":600,"sizes":{"thumbnail":"https:\/\/piega.ch\/wp-content\/uploads\/2019\/02\/mobile-picture-lautsprecher-seite-150x150.png","thumbnail-width":150,"thumbnail-height":150,"medium":"https:\/\/piega.ch\/wp-content\/uploads\/2019\/02\/mobile-picture-lautsprecher-seite-250x300.png","medium-width":250,"medium-height":300,"medium_large":"https:\/\/piega.ch\/wp-content\/uploads\/2019\/02\/mobile-picture-lautsprecher-seite.png","medium_large-width":500,"medium_large-height":600,"large":"https:\/\/piega.ch\/wp-content\/uploads\/2019\/02\/mobile-picture-lautsprecher-seite.png","large-width":500,"large-height":600,"1536x1536":"https:\/\/piega.ch\/wp-content\/uploads\/2019\/02\/mobile-picture-lautsprecher-seite.png","1536x1536-width":500,"1536x1536-height":600,"2048x2048":"https:\/\/piega.ch\/wp-content\/uploads\/2019\/02\/mobile-picture-lautsprecher-seite.png","2048x2048-width":500,"2048x2048-height":600,"otw-gallery-shortcode":"https:\/\/piega.ch\/wp-content\/uploads\/2019\/02\/mobile-picture-lautsprecher-seite.png","otw-gallery-shortcode-width":500,"otw-gallery-shortcode-height":600}},"intro":"","title":"La musique est le langage de la passion.","content":"Dans notre portefeuille de produits, vous trouverez les enceintes adapt\u00e9es aux besoins les plus divers. D\u00e9couvrez les caract\u00e9ristiques sp\u00e9cifiques de toutes les s\u00e9ries de haut-parleurs PIEGA. ","buttons":false,"overlay":true}},"series":[{"series":false},{"series":false},{"series":false},{"series":false},{"series":false},{"series":false},{"series":false},{"series":false},{"series":false}]},"yoast_head":"<!-- This site is optimized with the Yoast SEO plugin v24.5 - https:\/\/yoast.com\/wordpress\/plugins\/seo\/ -->\n<title>Enceintes &#8211; PIEGA<\/title>\n<meta name=\"robots\" content=\"index, follow, max-snippet:-1, max-image-preview:large, max-video-preview:-1\" \/>\n<link rel=\"canonical\" href=\"https:\/\/piega.ch\/fr\/products\" \/>\n<meta property=\"og:locale\" content=\"fr_FR\" \/>\n<meta property=\"og:type\" content=\"article\" \/>\n<meta property=\"og:title\" content=\"Enceintes &#8211; PIEGA\" \/>\n<meta property=\"og:url\" content=\"https:\/\/piega.ch\/fr\/products\" \/>\n<meta property=\"og:site_name\" content=\"PIEGA\" \/>\n<meta property=\"article:publisher\" content=\"https:\/\/www.facebook.com\/PiegaSwitzerland\/\" \/>\n<meta property=\"article:modified_time\" content=\"2020-05-19T13:27:21+00:00\" \/>\n<meta name=\"twitter:card\" content=\"summary_large_image\" \/>\n<script type=\"application\/ld+json\" class=\"yoast-schema-graph\">{\"@context\":\"https:\/\/schema.org\",\"@graph\":[{\"@type\":\"WebPage\",\"@id\":\"https:\/\/piega.ch\/fr\/products\",\"url\":\"https:\/\/piega.ch\/fr\/products\",\"name\":\"Enceintes &#8211; PIEGA\",\"isPartOf\":{\"@id\":\"https:\/\/piega.ch\/#website\"},\"datePublished\":\"2018-09-07T15:17:33+00:00\",\"dateModified\":\"2020-05-19T13:27:21+00:00\",\"breadcrumb\":{\"@id\":\"https:\/\/piega.ch\/fr\/products#breadcrumb\"},\"inLanguage\":\"fr-FR\",\"potentialAction\":[{\"@type\":\"ReadAction\",\"target\":[\"https:\/\/piega.ch\/fr\/products\"]}]},{\"@type\":\"BreadcrumbList\",\"@id\":\"https:\/\/piega.ch\/fr\/products#breadcrumb\",\"itemListElement\":[{\"@type\":\"ListItem\",\"position\":1,\"name\":\"Home\",\"item\":\"https:\/\/piega.ch\/fr\"},{\"@type\":\"ListItem\",\"position\":2,\"name\":\"Enceintes\"}]},{\"@type\":\"WebSite\",\"@id\":\"https:\/\/piega.ch\/#website\",\"url\":\"https:\/\/piega.ch\/\",\"name\":\"PIEGA\",\"description\":\"High End Handmade Premium Loudspeakers\",\"publisher\":{\"@id\":\"https:\/\/piega.ch\/#organization\"},\"potentialAction\":[{\"@type\":\"SearchAction\",\"target\":{\"@type\":\"EntryPoint\",\"urlTemplate\":\"https:\/\/piega.ch\/?s={search_term_string}\"},\"query-input\":{\"@type\":\"PropertyValueSpecification\",\"valueRequired\":true,\"valueName\":\"search_term_string\"}}],\"inLanguage\":\"fr-FR\"},{\"@type\":\"Organization\",\"@id\":\"https:\/\/piega.ch\/#organization\",\"name\":\"PIEGA SA\",\"url\":\"https:\/\/piega.ch\/\",\"logo\":{\"@type\":\"ImageObject\",\"inLanguage\":\"fr-FR\",\"@id\":\"https:\/\/piega.ch\/#\/schema\/logo\/image\/\",\"url\":\"https:\/\/piega.ch\/wp-content\/uploads\/2021\/03\/PIEGA-logo-black-100.png\",\"contentUrl\":\"https:\/\/piega.ch\/wp-content\/uploads\/2021\/03\/PIEGA-logo-black-100.png\",\"width\":822,\"height\":172,\"caption\":\"PIEGA SA\"},\"image\":{\"@id\":\"https:\/\/piega.ch\/#\/schema\/logo\/image\/\"},\"sameAs\":[\"https:\/\/www.facebook.com\/PiegaSwitzerland\/\",\"https:\/\/www.linkedin.com\/company\/piega-sa\/\",\"https:\/\/www.instagram.com\/piegaswitzerland\/\"]}]}<\/script>\n<!-- \/ Yoast SEO plugin. -->","yoast_head_json":{"title":"Enceintes &#8211; PIEGA","robots":{"index":"index","follow":"follow","max-snippet":"max-snippet:-1","max-image-preview":"max-image-preview:large","max-video-preview":"max-video-preview:-1"},"canonical":"https:\/\/piega.ch\/fr\/products","og_locale":"fr_FR","og_type":"article","og_title":"Enceintes &#8211; PIEGA","og_url":"https:\/\/piega.ch\/fr\/products","og_site_name":"PIEGA","article_publisher":"https:\/\/www.facebook.com\/PiegaSwitzerland\/","article_modified_time":"2020-05-19T13:27:21+00:00","twitter_card":"summary_large_image","schema":{"@context":"https:\/\/schema.org","@graph":[{"@type":"WebPage","@id":"https:\/\/piega.ch\/fr\/products","url":"https:\/\/piega.ch\/fr\/products","name":"Enceintes &#8211; PIEGA","isPartOf":{"@id":"https:\/\/piega.ch\/#website"},"datePublished":"2018-09-07T15:17:33+00:00","dateModified":"2020-05-19T13:27:21+00:00","breadcrumb":{"@id":"https:\/\/piega.ch\/fr\/products#breadcrumb"},"inLanguage":"fr-FR","potentialAction":[{"@type":"ReadAction","target":["https:\/\/piega.ch\/fr\/products"]}]},{"@type":"BreadcrumbList","@id":"https:\/\/piega.ch\/fr\/products#breadcrumb","itemListElement":[{"@type":"ListItem","position":1,"name":"Home","item":"https:\/\/piega.ch\/fr"},{"@type":"ListItem","position":2,"name":"Enceintes"}]},{"@type":"WebSite","@id":"https:\/\/piega.ch\/#website","url":"https:\/\/piega.ch\/","name":"PIEGA","description":"High End Handmade Premium Loudspeakers","publisher":{"@id":"https:\/\/piega.ch\/#organization"},"potentialAction":[{"@type":"SearchAction","target":{"@type":"EntryPoint","urlTemplate":"https:\/\/piega.ch\/?s={search_term_string}"},"query-input":{"@type":"PropertyValueSpecification","valueRequired":true,"valueName":"search_term_string"}}],"inLanguage":"fr-FR"},{"@type":"Organization","@id":"https:\/\/piega.ch\/#organization","name":"PIEGA SA","url":"https:\/\/piega.ch\/","logo":{"@type":"ImageObject","inLanguage":"fr-FR","@id":"https:\/\/piega.ch\/#\/schema\/logo\/image\/","url":"https:\/\/piega.ch\/wp-content\/uploads\/2021\/03\/PIEGA-logo-black-100.png","contentUrl":"https:\/\/piega.ch\/wp-content\/uploads\/2021\/03\/PIEGA-logo-black-100.png","width":822,"height":172,"caption":"PIEGA SA"},"image":{"@id":"https:\/\/piega.ch\/#\/schema\/logo\/image\/"},"sameAs":["https:\/\/www.facebook.com\/PiegaSwitzerland\/","https:\/\/www.linkedin.com\/company\/piega-sa\/","https:\/\/www.instagram.com\/piegaswitzerland\/"]}]}},"_links":{"self":[{"href":"https:\/\/piega.ch\/fr\/wp-json\/wp\/v2\/pages\/1879"}],"collection":[{"href":"https:\/\/piega.ch\/fr\/wp-json\/wp\/v2\/pages"}],"about":[{"href":"https:\/\/piega.ch\/fr\/wp-json\/wp\/v2\/types\/page"}],"author":[{"embeddable":true,"href":"https:\/\/piega.ch\/fr\/wp-json\/wp\/v2\/users\/16"}],"replies":[{"embeddable":true,"href":"https:\/\/piega.ch\/fr\/wp-json\/wp\/v2\/comments?post=1879"}],"version-history":[{"count":12,"href":"https:\/\/piega.ch\/fr\/wp-json\/wp\/v2\/pages\/1879\/revisions"}],"predecessor-version":[{"id":7092,"href":"https:\/\/piega.ch\/fr\/wp-json\/wp\/v2\/pages\/1879\/revisions\/7092"}],"wp:attachment":[{"href":"https:\/\/piega.ch\/fr\/wp-json\/wp\/v2\/media?parent=1879"}],"curies":[{"name":"wp","href":"https:\/\/api.w.org\/{rel}","templated":true}]}}