{"id":1881,"date":"2018-06-19T10:37:57","date_gmt":"2018-06-19T10:37:57","guid":{"rendered":"https:\/\/piega.zupa.dk\/frontpage"},"modified":"2026-01-08T14:36:57","modified_gmt":"2026-01-08T13:36:57","slug":"home","status":"publish","type":"page","link":"https:\/\/piega.ch\/fr","title":{"rendered":"Home"},"content":{"rendered":"","protected":false},"excerpt":{"rendered":"","protected":false},"author":16,"featured_media":0,"parent":0,"menu_order":0,"comment_status":"closed","ping_status":"closed","template":"","meta":{"_acf_changed":false},"acf":{"seo":{"title":"High-End Lautsprecher \u2013 Swiss Made mit erstklassigem Klang ","description":"High-End Lautsprecher aus Aluminium, handgefertigt in der Schweiz mit Premium Klangqualit\u00e4t und erstklassigem Design. Jetzt entdecken!","open_graph":{"title":"","description":"","image":"https:\/\/piega.ch\/wp-content\/uploads\/2024\/12\/piega-coax-611-black-header.jpg"}},"header":{"background":{"ID":23854,"id":23854,"title":"piega-coax-611-black-header","filename":"piega-coax-611-black-header.jpg","filesize":222447,"url":"https:\/\/piega.ch\/wp-content\/uploads\/2024\/12\/piega-coax-611-black-header.jpg","link":"https:\/\/piega.ch\/fr\/piega-coax-611-black-header-2","alt":"","author":"21","description":"","caption":"","name":"piega-coax-611-black-header-2","status":"inherit","uploaded_to":0,"date":"2024-12-06 15:59:21","modified":"2024-12-06 15:59:21","menu_order":0,"mime_type":"image\/jpeg","type":"image","subtype":"jpeg","icon":"https:\/\/piega.ch\/wp-includes\/images\/media\/default.png","width":1680,"height":840,"sizes":{"thumbnail":"https:\/\/piega.ch\/wp-content\/uploads\/2024\/12\/piega-coax-611-black-header-150x150.jpg","thumbnail-width":150,"thumbnail-height":150,"medium":"https:\/\/piega.ch\/wp-content\/uploads\/2024\/12\/piega-coax-611-black-header-300x150.jpg","medium-width":300,"medium-height":150,"medium_large":"https:\/\/piega.ch\/wp-content\/uploads\/2024\/12\/piega-coax-611-black-header-768x384.jpg","medium_large-width":768,"medium_large-height":384,"large":"https:\/\/piega.ch\/wp-content\/uploads\/2024\/12\/piega-coax-611-black-header.jpg","large-width":900,"large-height":450,"1536x1536":"https:\/\/piega.ch\/wp-content\/uploads\/2024\/12\/piega-coax-611-black-header-1536x768.jpg","1536x1536-width":1536,"1536x1536-height":768,"2048x2048":"https:\/\/piega.ch\/wp-content\/uploads\/2024\/12\/piega-coax-611-black-header.jpg","2048x2048-width":1680,"2048x2048-height":840,"otw-gallery-shortcode":"https:\/\/piega.ch\/wp-content\/uploads\/2024\/12\/piega-coax-611-black-header-1024x840.jpg","otw-gallery-shortcode-width":1024,"otw-gallery-shortcode-height":840}},"background_mobile":false,"intro":"","title":"Expect More. ","content":"PIEGA steht f\u00fcr Lautsprecher der Spitzenklasse mit \u00fcberragenden Klangeigenschaften und zeitlosem Design. Wir lassen Dich Musik nicht nur h\u00f6ren, sondern auch sp\u00fcren, f\u00fchlen und erleben. Durch Innovation, ausgekl\u00fcgelte Materialien und viel Mut f\u00fcr Neues bauen wir Lautsprecher, die dir ein perfektes Musikerlebnis erm\u00f6glichen \u2013 und dies seit \u00fcber 35 Jahren. \r\n","buttons":[{"style":"light","target":"internal","label":"JETZT ENTDECKEN","external":"","internal":"https:\/\/piega.ch\/fr\/products"}],"overlay":true},"sections":[{"acf_fc_layout":"banner-v2","image":false,"title":"","text":""},{"acf_fc_layout":"content","grey":false,"rows":[{"spacing":{"top":false,"bottom":false},"columns":[{"text_align":"left","elements":[{"acf_fc_layout":"heading","heading":"Schweizer Handwerkskunst"},{"acf_fc_layout":"text","text":"<p>PIEGA mit Sitz in Horgen am Z\u00fcrichsee entwickelt und baut Lautsprecher, welche sich durch Schweizer Perfektion, hohe Qualit\u00e4t sowie stilvolles, zeitloses Design ausweisen. Wir stehen f\u00fcr ein herausragendes Klangerlebnis, das auf f\u00fchrenden Technologien und stetiger Innovation beruht. F\u00fcr unsere Lautsprecher werden wir zu Wissenschaftlern, denn wir geben uns nur mit bester Qualit\u00e4t zufrieden.<\/p>\n"}]}]},{"spacing":{"top":false,"bottom":false},"columns":[{"text_align":"left","elements":[{"acf_fc_layout":"text","text":""}]},{"text_align":"left","elements":[{"acf_fc_layout":"text","text":""}]}]},{"spacing":{"top":false,"bottom":false},"columns":[{"text_align":"left","elements":[{"acf_fc_layout":"text","text":"<p>Bei allem, was wir tun, steht die Wiedergabe von Musik im Mittelpunkt. Unsere Lautsprecher sind bekannt f\u00fcr eine hervorragende Klangqualit\u00e4t, welche wir durch minuti\u00f6se Handarbeit, Detailtreue, Technik und eine grosse Portion Leidenschaft sicherstellen. Schau selber \u2013 und erfahre in unserer &#8220;Hinter den Kulissen&#8221; Videos mehr dar\u00fcber, worauf es uns beim Lautsprecherbau ankommt!<\/p>\n"},{"acf_fc_layout":"button","target":"external","label":"Hinter den Kulissen","internal":null,"external":""}]}]}]},{"acf_fc_layout":"speakers","header":"","series":false,"categories":false,"link":{"target":"internal","label":"","internal":null,"external":""},"centered":true},{"acf_fc_layout":"banner","image":{"ID":12833,"id":12833,"title":"Lautsprecher Auszeichnungen","filename":"awards-lautsprecher.jpg","filesize":261163,"url":"https:\/\/piega.ch\/wp-content\/uploads\/2018\/10\/awards-lautsprecher.jpg","link":"https:\/\/piega.ch\/fr\/home\/awards-lautsprecher-2","alt":"","author":"16","description":"","caption":"","name":"awards-lautsprecher-2","status":"inherit","uploaded_to":1881,"date":"2018-10-08 15:25:56","modified":"2018-10-08 15:25:56","menu_order":0,"mime_type":"image\/jpeg","type":"image","subtype":"jpeg","icon":"https:\/\/piega.ch\/wp-includes\/images\/media\/default.png","width":1680,"height":1672,"sizes":{"thumbnail":"https:\/\/piega.ch\/wp-content\/uploads\/2018\/10\/awards-lautsprecher-150x150.jpg","thumbnail-width":150,"thumbnail-height":150,"medium":"https:\/\/piega.ch\/wp-content\/uploads\/2018\/10\/awards-lautsprecher-300x300.jpg","medium-width":300,"medium-height":300,"medium_large":"https:\/\/piega.ch\/wp-content\/uploads\/2018\/10\/awards-lautsprecher-768x764.jpg","medium_large-width":768,"medium_large-height":764,"large":"https:\/\/piega.ch\/wp-content\/uploads\/2018\/10\/awards-lautsprecher-1680x1672.jpg","large-width":900,"large-height":896,"1536x1536":"https:\/\/piega.ch\/wp-content\/uploads\/2018\/10\/awards-lautsprecher.jpg","1536x1536-width":1536,"1536x1536-height":1529,"2048x2048":"https:\/\/piega.ch\/wp-content\/uploads\/2018\/10\/awards-lautsprecher.jpg","2048x2048-width":1680,"2048x2048-height":1672,"otw-gallery-shortcode":"https:\/\/piega.ch\/wp-content\/uploads\/2018\/10\/awards-lautsprecher.jpg","otw-gallery-shortcode-width":1024,"otw-gallery-shortcode-height":1019}},"colors":{"background":"#000000","content":"light"},"title":"Preisgekr\u00f6nter Sound","text":"","buttons":false},{"acf_fc_layout":"insights","title":"Piega Einblicke","show":3}]},"yoast_head":"<!-- This site is optimized with the Yoast SEO plugin v24.5 - https:\/\/yoast.com\/wordpress\/plugins\/seo\/ -->\n<title>Home &#8211; PIEGA<\/title>\n<meta name=\"description\" content=\"High-End Lautsprecher aus Aluminium, handgefertigt in der Schweiz mit Premium Klangqualit\u00e4t und erstklassigem Design. Jetzt entdecken!\" \/>\n<meta name=\"robots\" content=\"index, follow, max-snippet:-1, max-image-preview:large, max-video-preview:-1\" \/>\n<link rel=\"canonical\" href=\"https:\/\/piega.ch\/fr\" \/>\n<meta property=\"og:locale\" content=\"fr_FR\" \/>\n<meta property=\"og:type\" content=\"article\" \/>\n<meta property=\"og:title\" content=\"Home &#8211; PIEGA\" \/>\n<meta property=\"og:description\" content=\"High-End Lautsprecher aus Aluminium, handgefertigt in der Schweiz mit Premium Klangqualit\u00e4t und erstklassigem Design. Jetzt entdecken!\" \/>\n<meta property=\"og:url\" content=\"https:\/\/piega.ch\/fr\" \/>\n<meta property=\"og:site_name\" content=\"PIEGA\" \/>\n<meta property=\"article:publisher\" content=\"https:\/\/www.facebook.com\/PiegaSwitzerland\/\" \/>\n<meta property=\"article:modified_time\" content=\"2026-01-08T13:36:57+00:00\" \/>\n<meta name=\"twitter:card\" content=\"summary_large_image\" \/>\n<script type=\"application\/ld+json\" class=\"yoast-schema-graph\">{\"@context\":\"https:\/\/schema.org\",\"@graph\":[{\"@type\":\"WebPage\",\"@id\":\"https:\/\/piega.ch\/fr\",\"url\":\"https:\/\/piega.ch\/fr\",\"name\":\"Home &#8211; PIEGA\",\"isPartOf\":{\"@id\":\"https:\/\/piega.ch\/#website\"},\"datePublished\":\"2018-06-19T10:37:57+00:00\",\"dateModified\":\"2026-01-08T13:36:57+00:00\",\"description\":\"High-End Lautsprecher aus Aluminium, handgefertigt in der Schweiz mit Premium Klangqualit\u00e4t und erstklassigem Design. Jetzt entdecken!\",\"breadcrumb\":{\"@id\":\"https:\/\/piega.ch\/fr#breadcrumb\"},\"inLanguage\":\"fr-FR\",\"potentialAction\":[{\"@type\":\"ReadAction\",\"target\":[\"https:\/\/piega.ch\/fr\"]}]},{\"@type\":\"BreadcrumbList\",\"@id\":\"https:\/\/piega.ch\/fr#breadcrumb\",\"itemListElement\":[{\"@type\":\"ListItem\",\"position\":1,\"name\":\"Home\",\"item\":\"https:\/\/piega.ch\/fr\"},{\"@type\":\"ListItem\",\"position\":2,\"name\":\"Home\"}]},{\"@type\":\"WebSite\",\"@id\":\"https:\/\/piega.ch\/#website\",\"url\":\"https:\/\/piega.ch\/\",\"name\":\"PIEGA\",\"description\":\"High End Handmade Premium Loudspeakers\",\"publisher\":{\"@id\":\"https:\/\/piega.ch\/#organization\"},\"potentialAction\":[{\"@type\":\"SearchAction\",\"target\":{\"@type\":\"EntryPoint\",\"urlTemplate\":\"https:\/\/piega.ch\/?s={search_term_string}\"},\"query-input\":{\"@type\":\"PropertyValueSpecification\",\"valueRequired\":true,\"valueName\":\"search_term_string\"}}],\"inLanguage\":\"fr-FR\"},{\"@type\":\"Organization\",\"@id\":\"https:\/\/piega.ch\/#organization\",\"name\":\"PIEGA SA\",\"url\":\"https:\/\/piega.ch\/\",\"logo\":{\"@type\":\"ImageObject\",\"inLanguage\":\"fr-FR\",\"@id\":\"https:\/\/piega.ch\/#\/schema\/logo\/image\/\",\"url\":\"https:\/\/piega.ch\/wp-content\/uploads\/2021\/03\/PIEGA-logo-black-100.png\",\"contentUrl\":\"https:\/\/piega.ch\/wp-content\/uploads\/2021\/03\/PIEGA-logo-black-100.png\",\"width\":822,\"height\":172,\"caption\":\"PIEGA SA\"},\"image\":{\"@id\":\"https:\/\/piega.ch\/#\/schema\/logo\/image\/\"},\"sameAs\":[\"https:\/\/www.facebook.com\/PiegaSwitzerland\/\",\"https:\/\/www.linkedin.com\/company\/piega-sa\/\",\"https:\/\/www.instagram.com\/piegaswitzerland\/\"]}]}<\/script>\n<!-- \/ Yoast SEO plugin. -->","yoast_head_json":{"title":"Home &#8211; PIEGA","description":"High-End Lautsprecher aus Aluminium, handgefertigt in der Schweiz mit Premium Klangqualit\u00e4t und erstklassigem Design. Jetzt entdecken!","robots":{"index":"index","follow":"follow","max-snippet":"max-snippet:-1","max-image-preview":"max-image-preview:large","max-video-preview":"max-video-preview:-1"},"canonical":"https:\/\/piega.ch\/fr","og_locale":"fr_FR","og_type":"article","og_title":"Home &#8211; PIEGA","og_description":"High-End Lautsprecher aus Aluminium, handgefertigt in der Schweiz mit Premium Klangqualit\u00e4t und erstklassigem Design. Jetzt entdecken!","og_url":"https:\/\/piega.ch\/fr","og_site_name":"PIEGA","article_publisher":"https:\/\/www.facebook.com\/PiegaSwitzerland\/","article_modified_time":"2026-01-08T13:36:57+00:00","twitter_card":"summary_large_image","schema":{"@context":"https:\/\/schema.org","@graph":[{"@type":"WebPage","@id":"https:\/\/piega.ch\/fr","url":"https:\/\/piega.ch\/fr","name":"Home &#8211; PIEGA","isPartOf":{"@id":"https:\/\/piega.ch\/#website"},"datePublished":"2018-06-19T10:37:57+00:00","dateModified":"2026-01-08T13:36:57+00:00","description":"High-End Lautsprecher aus Aluminium, handgefertigt in der Schweiz mit Premium Klangqualit\u00e4t und erstklassigem Design. Jetzt entdecken!","breadcrumb":{"@id":"https:\/\/piega.ch\/fr#breadcrumb"},"inLanguage":"fr-FR","potentialAction":[{"@type":"ReadAction","target":["https:\/\/piega.ch\/fr"]}]},{"@type":"BreadcrumbList","@id":"https:\/\/piega.ch\/fr#breadcrumb","itemListElement":[{"@type":"ListItem","position":1,"name":"Home","item":"https:\/\/piega.ch\/fr"},{"@type":"ListItem","position":2,"name":"Home"}]},{"@type":"WebSite","@id":"https:\/\/piega.ch\/#website","url":"https:\/\/piega.ch\/","name":"PIEGA","description":"High End Handmade Premium Loudspeakers","publisher":{"@id":"https:\/\/piega.ch\/#organization"},"potentialAction":[{"@type":"SearchAction","target":{"@type":"EntryPoint","urlTemplate":"https:\/\/piega.ch\/?s={search_term_string}"},"query-input":{"@type":"PropertyValueSpecification","valueRequired":true,"valueName":"search_term_string"}}],"inLanguage":"fr-FR"},{"@type":"Organization","@id":"https:\/\/piega.ch\/#organization","name":"PIEGA SA","url":"https:\/\/piega.ch\/","logo":{"@type":"ImageObject","inLanguage":"fr-FR","@id":"https:\/\/piega.ch\/#\/schema\/logo\/image\/","url":"https:\/\/piega.ch\/wp-content\/uploads\/2021\/03\/PIEGA-logo-black-100.png","contentUrl":"https:\/\/piega.ch\/wp-content\/uploads\/2021\/03\/PIEGA-logo-black-100.png","width":822,"height":172,"caption":"PIEGA SA"},"image":{"@id":"https:\/\/piega.ch\/#\/schema\/logo\/image\/"},"sameAs":["https:\/\/www.facebook.com\/PiegaSwitzerland\/","https:\/\/www.linkedin.com\/company\/piega-sa\/","https:\/\/www.instagram.com\/piegaswitzerland\/"]}]}},"_links":{"self":[{"href":"https:\/\/piega.ch\/fr\/wp-json\/wp\/v2\/pages\/1881"}],"collection":[{"href":"https:\/\/piega.ch\/fr\/wp-json\/wp\/v2\/pages"}],"about":[{"href":"https:\/\/piega.ch\/fr\/wp-json\/wp\/v2\/types\/page"}],"author":[{"embeddable":true,"href":"https:\/\/piega.ch\/fr\/wp-json\/wp\/v2\/users\/16"}],"replies":[{"embeddable":true,"href":"https:\/\/piega.ch\/fr\/wp-json\/wp\/v2\/comments?post=1881"}],"version-history":[{"count":7,"href":"https:\/\/piega.ch\/fr\/wp-json\/wp\/v2\/pages\/1881\/revisions"}],"predecessor-version":[{"id":26105,"href":"https:\/\/piega.ch\/fr\/wp-json\/wp\/v2\/pages\/1881\/revisions\/26105"}],"wp:attachment":[{"href":"https:\/\/piega.ch\/fr\/wp-json\/wp\/v2\/media?parent=1881"}],"curies":[{"name":"wp","href":"https:\/\/api.w.org\/{rel}","templated":true}]}}